{"id":5692,"date":"2023-09-20T12:23:06","date_gmt":"2023-09-20T09:23:06","guid":{"rendered":"http:\/\/uus.troostkirurgia.ee\/tietosuojaehdot\/"},"modified":"2023-09-20T12:23:06","modified_gmt":"2023-09-20T09:23:06","slug":"tietosuojaehdot","status":"publish","type":"page","link":"http:\/\/uus.troostkirurgia.ee\/fi\/tietosuojaehdot\/","title":{"rendered":"Tietosuojaehdot"},"content":{"rendered":"\n<p><strong>Ilmoitus ev\u00e4steiden k\u00e4yt\u00f6st\u00e4 ja tietosuojak\u00e4yt\u00e4nn\u00f6st\u00e4<\/strong><\/p>\n<p>T\u00e4m\u00e4 ev\u00e4steiden k\u00e4ytt\u00f6\u00e4 ja tietosuojak\u00e4yt\u00e4nt\u00f6\u00e4 koskeva ilmoitus (j\u00e4ljemp\u00e4n\u00e4 ilmoitus) sis\u00e4lt\u00e4\u00e4 hy\u00f6dyllist\u00e4 tietoa siit\u00e4, miten ja miksi yritys ker\u00e4\u00e4, k\u00e4sittelee ja luovuttaa henkil\u00f6tietoja (tietoja). Tietosuojak\u00e4yt\u00e4nt\u00f6 perustuu yleiseen tietosuoja-asetukseen (GDPR \u2013 General Data Protection Regulation).<\/p>\n<p>Tietosuojak\u00e4yt\u00e4nn\u00f6n tarkoituksena on suojella asiakkaiden yksityisyytt\u00e4 Viron tasavallan lakien ja Euroopan unionin lains\u00e4\u00e4d\u00e4nn\u00f6n mukaisesti.<\/p>\n<p>Henkil\u00f6tiedot ovat mit\u00e4 tahansa tunnistettua tai tunnistettavissa olevaa luonnollista henkil\u00f6\u00e4 koskevia tietoja, kuten nimi, osoite, s\u00e4hk\u00f6postiosoite ja tiedot vierailuista verkkosivuillamme, sosiaalisen median kanavien ja palveluidemme k\u00e4yt\u00f6st\u00e4.<\/p>\n<p><strong>K\u00e4ytt\u00e4m\u00e4ll\u00e4 verkkosivustoamme hyv\u00e4ksyt ev\u00e4steiden k\u00e4yt\u00f6n ja henkil\u00f6tietojen k\u00e4sittelyn ehdot ev\u00e4steiden k\u00e4ytt\u00f6- ja tietosuojak\u00e4yt\u00e4nn\u00f6ss\u00e4mme kuvatulla tavalla.<\/strong><\/p>\n<p>Voimassa 22.07.2020 alkaen<\/p>\n<ol>\n<li>Kenen tietoja Troost Kirurgia O\u00dc k\u00e4sittelee?<\/li>\n<\/ol>\n<p>Troost Kirurgia O\u00dc on henkil\u00f6tietojen rekisterinpit\u00e4j\u00e4. Jos sinulla on kysytt\u00e4v\u00e4\u00e4, kirjoita osoitteeseen info@troostkirurgia.ee.<\/p>\n<p>Troost Kirurgia O\u00dc k\u00e4sittelee niiden asiakkaiden ja yhteyshenkil\u00f6iden tietoja, jotka ovat ilmaisseet halunsa k\u00e4ytt\u00e4\u00e4 palveluitamme tai ovat aiemmin k\u00e4ytt\u00e4neet palveluitamme.<\/p>\n<p>Tietyiss\u00e4 tapauksissa k\u00e4sittelemme henkil\u00f6tietoja, jotka ovat saatavilla julkisista l\u00e4hteist\u00e4.<\/p>\n<ol start=\"2\">\n<li>Asiakkaan henkil\u00f6tietojen (tietojen) k\u00e4sittelyn tarkoitukset ja oikeudelliset perusteet<\/li>\n<\/ol>\n<p>K\u00e4sittelemme markkinointikanaviemme vapaaehtoisten k\u00e4ytt\u00e4jien ja palvelunk\u00e4ytt\u00e4jien sek\u00e4 asiakkaiden (mukaan lukien asiakkaiden edustajat) henkil\u00f6tietoja sopimusvelvoitteidemme t\u00e4ytt\u00e4miseksi sek\u00e4 laadukkaamman palvelun ja tiedon tarjoamiseksi potentiaalisille asiakkaille.<\/p>\n<p>Jos Troost Kirurgia O\u00dc k\u00e4sittelee henkil\u00f6tietoja n\u00e4ihin tarkoituksiin, k\u00e4sittelyn oikeusperusteena on oikeutettu etumme varmistaa palveluidemme asianmukainen ja laadukkaampi tarjoaminen.<\/p>\n<p>Ker\u00e4\u00e4mme Troost Kirurgia O\u00dc:n markkinointikanavilta (mukaan lukien kotisivut) tietoja niiden k\u00e4yt\u00f6st\u00e4 ja potentiaalisten asiakkaiden kiinnostuksen kohteista ymm\u00e4rt\u00e4\u00e4ksemme paremmin asiakkaidemme todellisia mieltymyksi\u00e4, tarjotaksemme laadukkaampaa tietoa sek\u00e4 parantaaksemme verkkosivuston toimivuutta ja k\u00e4ytt\u00e4j\u00e4yst\u00e4v\u00e4llisyytt\u00e4.<\/p>\n<p>T\u00e4ll\u00f6in k\u00e4sittelyn oikeudellinen perusta on oikeutettu etumme ymm\u00e4rt\u00e4\u00e4 paremmin asiakkaidemme tarpeita ja tarjota parempaa palvelua.<\/p>\n<p>Troost Kirurgia O\u00dc k\u00e4sittelee esimerkiksi tietoja asiakkaan ostok\u00e4ytt\u00e4ytymisest\u00e4, tietoja uutiskirjeiden lukemisesta ja avaamisesta sek\u00e4 tietoja mainosten avaamisesta tavoitteenaan tarjota asiakkaalle mieluisia tarjouksia ja sis\u00e4lt\u00f6\u00e4.<\/p>\n<p><strong>Troost Kirurgia\u00a0O\u00dc k\u00e4sittelee henkil\u00f6tietoja seuraaviin tarkoituksiin:<\/strong><\/p>\n<ul>\n<li>Troost Kirurgia O\u00dc:n asiakaskannan luominen ja hallinta;<\/li>\n<li>uusien palvelujen tarjoaminen asiakkaalle;<\/li>\n<li>Troost Kirurgia O\u00dc:n palvelujen analysointi ja parantaminen;<\/li>\n<li>verkkosivuston hallinta;<\/li>\n<li>lakis\u00e4\u00e4teisten vaatimusten t\u00e4ytt\u00e4minen;<\/li>\n<li>asiakkaiden tiedusteluihin vastaaminen;<\/li>\n<li>todistusten ja sertifikaattien my\u00f6nt\u00e4minen.<\/li>\n<\/ul>\n<ol start=\"3\">\n<li>Miten tietoja ker\u00e4t\u00e4\u00e4n?<\/li>\n<\/ol>\n<p>Yleens\u00e4 ker\u00e4\u00e4mme henkil\u00f6tietoja suoraan rekister\u00f6idyilt\u00e4 ja heid\u00e4n suostumuksellaan.\u00a0Sen lis\u00e4ksi k\u00e4yt\u00e4mme automatisoituja tiedonkeruuv\u00e4lineit\u00e4, kuten ev\u00e4steit\u00e4 ja muita seurantav\u00e4lineit\u00e4, verkkosivustomme k\u00e4ytt\u00f6kokemuksen optimoimiseksi ja parempien palveluiden tarjoamiseksi asiakkaillemme.<\/p>\n<p><strong>Ev\u00e4steet sek\u00e4 pikselitunnisteet ja niist\u00e4 eroon p\u00e4\u00e4seminen <\/strong><\/p>\n<p>Ev\u00e4ste on pieni tekstitiedosto, jonka verkkopalvelin l\u00e4hett\u00e4\u00e4 k\u00e4ytt\u00e4j\u00e4n verkkoselaimeen ja joka tallennetaan k\u00e4ytt\u00e4j\u00e4n tietokoneen kiintolevylle ja joka mahdollistaa k\u00e4ytt\u00e4j\u00e4n asetusten, kuten kirjasinkoko, viestint\u00e4kieli, laitetiedot, vierailutilastot jne. muistamisen.<\/p>\n<p>Kaikki verkkoselaimet sallivat oletusarvoisesti ev\u00e4steet, mutta selaimen asetuksia voidaan yleens\u00e4 muuttaa niin, ett\u00e4 selain joko kielt\u00e4\u00e4 ev\u00e4steet kokonaan, est\u00e4\u00e4 kolmannen osapuolen ev\u00e4steet tai ilmoittaa k\u00e4ytt\u00e4j\u00e4lle jokaisesta l\u00e4hetetyst\u00e4 ev\u00e4steest\u00e4.<\/p>\n<p>Pikselitunnisteet ovat pieni\u00e4 verkkosivun koodip\u00e4tki\u00e4, joiden avulla verkkosivustot voivat lukea ja asentaa ev\u00e4steit\u00e4. Ne k\u00e4ynnistyv\u00e4t, kun k\u00e4ytt\u00e4j\u00e4 avaa s\u00e4hk\u00f6postiviestin tai tulee verkkosivulle, mink\u00e4 j\u00e4lkeen ladataan kolmannen osapuolen ev\u00e4steit\u00e4 tai rekister\u00f6id\u00e4\u00e4n tieto siit\u00e4, ett\u00e4 k\u00e4ytt\u00e4j\u00e4 on avannut s\u00e4hk\u00f6postiviestin.<\/p>\n<p>Troost Kirurgia O\u00dc k\u00e4ytt\u00e4\u00e4 seuraavia ev\u00e4steit\u00e4:<\/p>\n<ul>\n<li>&#8211; Istuntoev\u00e4steet (v\u00e4liaikaiset ev\u00e4steet), joiden tarkoituksena on mahdollistaa palvelun k\u00e4ytt\u00f6.<\/li>\n<li>&#8211; Pysyv\u00e4t ev\u00e4steet (tallentuvat k\u00e4ytt\u00e4j\u00e4n tietokoneelle verkkoselaimen sulkemisen j\u00e4lkeen), joiden tarkoituksena on muistaa asiakkaan valinnat Troost Kirurgia O\u00dc:n verkkosivuilla.<\/li>\n<\/ul>\n<p>Tarkemmin sanottuna Troost Kirurgia O\u00dc k\u00e4ytt\u00e4\u00e4:<\/p>\n<ul>\n<li>analyyttisi\u00e4 ev\u00e4steit\u00e4, jotka ker\u00e4\u00e4v\u00e4t tietoa siit\u00e4, miten verkkosivustoa k\u00e4ytet\u00e4\u00e4n, esimerkiksi mill\u00e4 sis\u00e4lt\u00f6sivuilla k\u00e4yd\u00e4\u00e4n eniten tai mit\u00e4 vierailijat etsiv\u00e4t sivustolta jne. N\u00e4m\u00e4 ev\u00e4steet eiv\u00e4t ker\u00e4\u00e4 tietoja, joiden perusteella verkkosivuston k\u00e4ytt\u00e4j\u00e4 voidaan tunnistaa suoraan. T\u00e4llaisiin ev\u00e4steisiin kuuluvat esim. Google Analyticsin ja Hotjarin ev\u00e4steet.<\/li>\n<li>mainosev\u00e4steit\u00e4, jotka auttavat tarjoamaan k\u00e4ytt\u00e4j\u00e4\u00e4 mahdollisesti kiinnostavia mainoksia. Esimerkiksi kodulehekoolitused.ee-sivustolle on lis\u00e4tty Facebook Pixel -koodi, ja jos et halua en\u00e4\u00e4 n\u00e4hd\u00e4 Troost Kirurgia O\u00dc:n verkkosivuston mainosta Facebookissa, voit kielt\u00e4\u00e4 sen k\u00e4yt\u00f6n. Avaa <a href=\"https:\/\/www.facebook.com\/ads\/preferences\">https:\/\/www.facebook.com\/ads\/preferences<\/a> ja poista \u201dMainostajat, joiden kanssa olet ollut vuorovaikutuksessa\u201d -vaihtoehdosta Troostkirurgia<\/li>\n<li>kolmansien osapuolten ev\u00e4steet, esim. Youtube ja Google Maps. Sijaintikarttaa ja videoita ei n\u00e4ytet\u00e4, ellet ole hyv\u00e4ksynyt tietosuojaehtoja. Jotta t\u00e4m\u00e4 olisi teknisesti mahdollista, k\u00e4yt\u00e4mme Avada-suunnittelun luomaa privacy_embeds-ev\u00e4stett\u00e4.<\/li>\n<\/ul>\n<p>K\u00e4ytt\u00e4j\u00e4ll\u00e4 on oikeus kielt\u00e4yty\u00e4 ev\u00e4steiden tallentamisesta koneelle. Siin\u00e4 tapauksessa k\u00e4ytt\u00e4j\u00e4n on muutettava selaimen asetuksia.<\/p>\n<p>Ohjeet yleisimpien verkkoselainten asetuksiin:<\/p>\n<p><strong>Internet Explorer<\/strong>:\u00a0<u><a href=\"http:\/\/support.microsoft.com\/kb\/278835\">http:\/\/support.microsoft.com\/kb\/278835<\/a><\/u><\/p>\n<p><strong>Crome:<\/strong>\u00a0<a href=\"https:\/\/support.google.com\/chrome\/answer\/95647?hl=en\">https:\/\/support.google.com\/chrome\/answer\/95647?hl=en<\/a><\/p>\n<p><strong>Firefox<\/strong>:\u00a0<u><a href=\"http:\/\/support.mozilla.org\/en-US\/kb\/Clear%20Recent%20History\">http:\/\/support.mozilla.org\/en-US\/kb\/Clear%20Recent%20History<\/a><\/u><\/p>\n<p><strong>Opera<\/strong>:\u00a0<u><a href=\"https:\/\/www.opera.com\/help\/tutorials\/security\/privacy\/\">http:\/\/www.opera.com\/browser\/tutorials\/security\/privacy<\/a><\/u><\/p>\n<p><strong>Safari<\/strong>:\u00a0<u><a href=\"https:\/\/support.apple.com\/guide\/safari\/manage-cookies-and-website-data-sfri11471\/mac\">https:\/\/support.apple.com\/guide\/safari\/manage-cookies-and-website-data-sfri11471\/mac<\/a><\/u><\/p>\n<p>Est\u00e4ess\u00e4\u00e4n ev\u00e4steet k\u00e4ytt\u00e4j\u00e4n on otettava huomioon, etteiv\u00e4t kaikki verkkosivuston toiminnot ole v\u00e4ltt\u00e4m\u00e4tt\u00e4 en\u00e4\u00e4 saatavilla k\u00e4ytt\u00e4j\u00e4lle.<\/p>\n<ol start=\"4\">\n<li>Troost Kirurgia O\u00dc:n k\u00e4sittelem\u00e4t henkil\u00f6tiedot (mukaan lukien tiedot)<\/li>\n<\/ol>\n<p><strong>Troost Kirurgia O\u00dc voi k\u00e4sitell\u00e4 seuraavia henkil\u00f6tietoja (mukaan lukien tiedot):<\/strong><\/p>\n<p><strong>yhteystiedot<\/strong> \u2013 nimi, s\u00e4hk\u00f6postiosoite ja puhelinnumero<\/p>\n<p><strong>sopimuksen t\u00e4yt\u00e4nt\u00f6\u00f6npanon aikana ker\u00e4tt\u00e4v\u00e4t ja syntyv\u00e4t tiedot<\/strong>\u00a0\u2013 henkil\u00f6tunnus, Troost Kirurgia O\u00dc:n palveluihin ja tuotteisiin liittyv\u00e4t asiakkaan mieltymykset, palaute palveluistamme, tiedot asiakkaan ty\u00f6t\u00e4, liiketoimintaprosesseja tai opiskelua koskevista tottumuksista ja mieltymyksist\u00e4<\/p>\n<p><strong>automaattisesti ker\u00e4tt\u00e4v\u00e4t tiedot<\/strong>\u00a0\u2013 k\u00e4ytt\u00e4j\u00e4n verkkoselaimesta saadut tiedot, mukaan lukien selaintyyppi, laitetyyppi, kommunikointikieli, verkkosivuston osoite, josta k\u00e4ytt\u00e4j\u00e4 saapui, mit\u00e4 sis\u00e4lt\u00f6sivuja h\u00e4n katseli sek\u00e4 k\u00e4ytt\u00e4j\u00e4n IP-osoite ja muut liikennetiedot<\/p>\n<p><strong>k\u00e4ytt\u00e4j\u00e4n toimet Troost Kirurgia O\u00dc:n s\u00e4hk\u00f6postiviesteihin liittyen<\/strong> \u2013 mukaan lukien tiedot siit\u00e4, mitk\u00e4 s\u00e4hk\u00f6postiviestit k\u00e4ytt\u00e4j\u00e4 avasi, miten ja milloin<\/p>\n<p><strong>muut henkil\u00f6tiedot<\/strong> \u2013 jotka olet asettanut meille julkisesti saatavaksi tai saatavillemme kolmansien osapuolien sosiaalisissa verkostoissa, kuten LinkedIn, Facebook, Google Plus, Instagram jne.<\/p>\n<p>Troost Kirurgia O\u00dc ei k\u00e4sittele rekisterinpit\u00e4j\u00e4n\u00e4 erityisi\u00e4 henkil\u00f6tietoryhmi\u00e4.<\/p>\n<ol start=\"5\">\n<li>Henkil\u00f6tietojen luovuttaminen<\/li>\n<\/ol>\n<p>Troost Kirurgia O\u00dc ei v\u00e4lit\u00e4 asiakastietoja Euroopan (EU) talousalueen ulkopuolelle.<\/p>\n<p>Troost Kirurgia O\u00dc ei luovuta asiakkaan henkil\u00f6tietoja kolmansille osapuolille alla lueteltuja olosuhteita lukuun ottamatta. Kaikkia tietoja k\u00e4ytet\u00e4\u00e4n vain viestint\u00e4\u00e4n ja paremman tuotteen tai palvelun tarjoamiseen.<\/p>\n<p><strong>Voimme luovuttaa henkil\u00f6tietojasi seuraavissa tapauksissa:<\/strong><\/p>\n<ul>\n<li>Velanperint\u00e4 \u2013 velanperint\u00e4palvelun tarjoajat, maksuh\u00e4iri\u00f6rekisterit.<\/li>\n<li>Valtion valvontaviranomaiset ja poliisi.<\/li>\n<li>Julkinen palaute asiakkaan suostumuksella.<\/li>\n<li>Yritys v\u00e4litt\u00e4\u00e4 maksujen suorittamiseen tarvittavia henkil\u00f6tietoja valtuutetulle k\u00e4sittelij\u00e4lle Maksekeskus AS:lle.<\/li>\n<\/ul>\n<ol start=\"6\">\n<li>Henkil\u00f6tietojen (tietojen) turvallisuus, k\u00e4ytt\u00f6 ja s\u00e4ilytys.<\/li>\n<\/ol>\n<p>Troost Kirurgia O\u00dc voi l\u00e4hett\u00e4\u00e4 asiakkaille tietoa palveluistaan, tuotteistaan, uutiskirjeist\u00e4\u00e4n ja tarjouksistaan, mik\u00e4li asiakas on itse antanut meille yhteystietonsa, niin kauan kuin asiakas ei ole pyyt\u00e4nyt kyseisen toiminnan lopettamista tai ei ole poistunut uutiskirjeen vastaanottajien joukosta.<\/p>\n<p><strong>6.1. Henkil\u00f6tietojen turvallisuus<\/strong><\/p>\n<p>Henkil\u00f6tietojen turvallinen s\u00e4ilytys on Troost Kirurgia O\u00dc:n t\u00e4rkein turvallisuusprioriteetti. Pyrimme tekem\u00e4\u00e4n kaiken mahdollisen est\u00e4\u00e4ksemme luvattoman p\u00e4\u00e4syn, julkaisemisen ja muun laittoman k\u00e4sittelyn. Suojelemme henkil\u00f6tietojen luottamuksellisuutta sek\u00e4 koskemattomuutta ja varmistamme p\u00e4\u00e4syn tietoihin voimassa olevan lains\u00e4\u00e4d\u00e4nn\u00f6n mukaisesti.<\/p>\n<p>Olemme ottaneet k\u00e4ytt\u00f6\u00f6n kohtuulliset ja riitt\u00e4v\u00e4t organisatoriset toimenpiteet sek\u00e4 tekniset ja fyysiset rajoitukset ker\u00e4\u00e4miemme ja k\u00e4sittelemiemme henkil\u00f6tietojen suojaamiseksi. K\u00e4ytett\u00e4v\u00e4t menetelm\u00e4t riippuvat henkil\u00f6tietojen tyypist\u00e4 ja niiden julki tulemisen mahdollisista seurauksista.<\/p>\n<p>Troost Kirurgia O\u00dc on k\u00e4ytt\u00e4nyt tarvittavia teknisi\u00e4, fyysisi\u00e4 ja organisatorisia turvatoimenpiteit\u00e4 suojatakseen asiakkaan henkil\u00f6tietoja (tietoja) katoamiselta ja laittomalta k\u00e4sittelylt\u00e4.<\/p>\n<p><strong>6.2. S\u00e4ilytysaika \u2013 kuinka kauan s\u00e4ilyt\u00e4mme henkil\u00f6tietoja?<\/strong><\/p>\n<p>Troost Kirurgia O\u00dc s\u00e4ilytt\u00e4\u00e4 henkil\u00f6tietoja vain niin kauan kuin on tarpeen niiden ker\u00e4\u00e4misen tarkoituksen saavuttamiseksi. S\u00e4ilytysaika riippuu my\u00f6s tarpeesta vastata rekister\u00f6ityjen pyynt\u00f6ihin, ratkaista ongelmia ja t\u00e4ytt\u00e4\u00e4 lakis\u00e4\u00e4teiset asiakirjojen s\u00e4ilytysvaatimukset.<\/p>\n<p>Jos emme en\u00e4\u00e4 tarvitse henkil\u00f6tietoja eik\u00e4 lains\u00e4\u00e4d\u00e4nt\u00f6 edellyt\u00e4 niiden s\u00e4ilytt\u00e4mist\u00e4, poistamme vastaavat henkil\u00f6tiedot.<\/p>\n<p>Voimme jatkaa kyseisten tietojen k\u00e4ytt\u00f6\u00e4 tilastollisiin tarkoituksiin, mutta vain pseudonymisoidussa tai anonymisoidussa muodossa.<\/p>\n<p>Jos sinulla on kysytt\u00e4v\u00e4\u00e4, kirjoita osoitteeseen info@troostkirurgia.ee.<\/p>\n<ol start=\"7\">\n<li>Asiakkaan (rekister\u00f6idyn) oikeudet<\/li>\n<\/ol>\n<p>Asiakkaalla on oikeus p\u00e4\u00e4st\u00e4 k\u00e4siksi Troost Kirurgia O\u00dc:n k\u00e4sittelemiin asiakkaan omiin henkil\u00f6tietoihin ja oikeus pyyt\u00e4\u00e4 virheellisten henkil\u00f6tietojen korjaamista.<\/p>\n<p>Mik\u00e4li asiakkaalla on kysytt\u00e4v\u00e4\u00e4 oikeuksistaan \u200b\u200btai h\u00e4n on sit\u00e4 mielt\u00e4, ett\u00e4 Troost Kirurgia O\u00dc on loukannut h\u00e4nen oikeuksiaan k\u00e4sitelless\u00e4\u00e4n h\u00e4nen henkil\u00f6tietojaan (tietojaan), h\u00e4nen tulee ottaa yhteytt\u00e4 s\u00e4hk\u00f6postiosoitteeseen info@troostkirurgia.ee.<\/p>\n<p>Jos et halua vastaanottaa Troost Kirurgia O\u00dc:n markkinointiviestej\u00e4, voit luopua noudattamalla kunkin viestin alaosassa olevia ohjeita tai ottamalla meihin yhteytt\u00e4 yhteydenottosivumme kautta.<\/p>\n<p>Rekister\u00f6idyn oikeudet<\/p>\n<p>Korjaamisoikeus on rekister\u00f6idyn oikeus vaatia h\u00e4nt\u00e4 koskevien virheellisten henkil\u00f6tietojen korjaamista ilman aiheetonta viivytyst\u00e4.<\/p>\n<p>Poistamisoikeus on rekister\u00f6idyn oikeus vaatia h\u00e4nen henkil\u00f6tietojensa poistamista ilman aiheetonta viivytyst\u00e4, jos tietyt lis\u00e4ehdot t\u00e4yttyv\u00e4t.<\/p>\n<p>Tietyiss\u00e4 tapauksissa rekister\u00f6idyll\u00e4 on oikeus rajoittaa henkil\u00f6tietojensa k\u00e4sittely\u00e4.<\/p>\n<p>Rekister\u00f6idyll\u00e4 on oikeus tutustua omiin henkil\u00f6tietoihinsa, joita s\u00e4ilyt\u00e4mme ja jotka h\u00e4n on meille antanut, ja oikeus v\u00e4litt\u00e4\u00e4 kyseiset tiedot toiselle rekisterinpit\u00e4j\u00e4lle, jos se on teknisesti mahdollista ja k\u00e4sittely perustuu suostumukseen tai sopimukseen ja on automatisoitu.<\/p>\n<p>Rekister\u00f6idyll\u00e4 on oikeus konkreettiseen tilanteeseensa perustuen milloin tahansa vastustaa henkil\u00f6tietojensa k\u00e4sittely\u00e4, joka tapahtuu vastaavan lains\u00e4\u00e4d\u00e4nn\u00f6n perusteella, mukaan lukien kyseisten s\u00e4\u00e4nn\u00f6sten perusteella tapahtuvaa profiilianalyysia.<\/p>\n<p>Ellei laissa toisin s\u00e4\u00e4det\u00e4, rekister\u00f6idyll\u00e4 on oikeus siihen, ett\u00e4 h\u00e4neen liittyen ei tehd\u00e4 p\u00e4\u00e4t\u00f6st\u00e4, joka perustuu ainoastaan automatisoituun k\u00e4sittelyyn, mukaan lukien profiilianalyysi, ja aiheuttaa rekister\u00f6idylle oikeudellisia seurauksia tai vaikuttaa h\u00e4neen merkitt\u00e4v\u00e4sti.<\/p>\n<p>Jos henkil\u00f6tietojen k\u00e4sittely perustuu rekister\u00f6idyn suostumukseen, rekister\u00f6idyll\u00e4 on oikeus peruuttaa suostumus milloin tahansa ilman, ett\u00e4 se vaikuttaa ennen peruuttamista suostumukseen perustuneen k\u00e4sittelyn laillisuuteen.<\/p>\n<p>Jos haluat k\u00e4ytt\u00e4\u00e4 kyseisi\u00e4 oikeuksia, ota meihin yhteytt\u00e4.<\/p>\n<p>Jos Troost Kirurgia O\u00dc:n tarjoama ratkaisu ei tyydyt\u00e4 sinua, sinulla on oikeus k\u00e4\u00e4nty\u00e4 Viron tasavallan tietosuojaviranomaisen ja tuomioistuimen puoleen.<\/p>\n<ol start=\"8\">\n<li>Muut s\u00e4\u00e4nn\u00f6kset<\/li>\n<\/ol>\n<p>Troost Kirurgia O\u00dc pid\u00e4tt\u00e4\u00e4 oikeuden muuttaa ev\u00e4steiden k\u00e4ytt\u00f6\u00e4 ja tietosuojak\u00e4yt\u00e4nt\u00f6\u00e4 yksipuolisesti. Ev\u00e4steiden k\u00e4yt\u00f6n ja tietosuojak\u00e4yt\u00e4nn\u00f6n viimeisin versio on aina saatavilla t\u00e4ll\u00e4 verkkosivustolla.<\/p>\n<p>T\u00e4h\u00e4n ev\u00e4steiden k\u00e4ytt\u00f6- ja tietosuojak\u00e4yt\u00e4nt\u00f6\u00f6n sovelletaan Viron tasavallan lakeja. K\u00e4yt\u00e4nn\u00f6st\u00e4 aiheutuvat riidat tai vaateet ratkaistaan \u200b\u200bTallinnassa Harjun k\u00e4r\u00e4j\u00e4oikeudessa.<\/p>\n<p>\u00a0<\/p>\n","protected":false},"excerpt":{"rendered":"<p>Ilmoitus ev\u00e4steiden k\u00e4yt\u00f6st\u00e4 ja tietosuojak\u00e4yt\u00e4nn\u00f6st\u00e4 T\u00e4m\u00e4 ev\u00e4steiden k\u00e4ytt\u00f6\u00e4 ja tietosuojak\u00e4yt\u00e4nt\u00f6\u00e4 koskeva ilmoitus (j\u00e4ljemp\u00e4n\u00e4 ilmoitus) sis\u00e4lt\u00e4\u00e4 hy\u00f6dyllist\u00e4 tietoa siit\u00e4, miten ja miksi yritys ker\u00e4\u00e4, k\u00e4sittelee ja luovuttaa henkil\u00f6tietoja (tietoja). Tietosuojak\u00e4yt\u00e4nt\u00f6 perustuu yleiseen tietosuoja-asetukseen (GDPR \u2013 General Data Protection Regulation). Tietosuojak\u00e4yt\u00e4nn\u00f6n tarkoituksena on suojella asiakkaiden yksityisyytt\u00e4 Viron tasavallan lakien ja Euroopan unionin lains\u00e4\u00e4d\u00e4nn\u00f6n mukaisesti. Henkil\u00f6tiedot ovat mit\u00e4 [&hellip;]<\/p>\n","protected":false},"author":1,"featured_media":0,"parent":0,"menu_order":0,"comment_status":"closed","ping_status":"open","template":"","meta":{"footnotes":""},"class_list":["post-5692","page","type-page","status-publish","hentry"],"acf":[],"yoast_head":"<!-- This site is optimized with the Yoast SEO plugin v21.6 - https:\/\/yoast.com\/wordpress\/plugins\/seo\/ -->\n<title>Tietosuojaehdot - Ilukirurgia - Rasvaimu - Waterjet<\/title>\n<meta name=\"robots\" content=\"index, follow, max-snippet:-1, max-image-preview:large, max-video-preview:-1\" \/>\n<link rel=\"canonical\" href=\"http:\/\/uus.troostkirurgia.ee\/fi\/tietosuojaehdot\/\" \/>\n<meta property=\"og:locale\" content=\"fi_FI\" \/>\n<meta property=\"og:type\" content=\"article\" \/>\n<meta property=\"og:title\" content=\"Tietosuojaehdot - Ilukirurgia - Rasvaimu - Waterjet\" \/>\n<meta property=\"og:description\" content=\"Ilmoitus ev\u00e4steiden k\u00e4yt\u00f6st\u00e4 ja tietosuojak\u00e4yt\u00e4nn\u00f6st\u00e4 T\u00e4m\u00e4 ev\u00e4steiden k\u00e4ytt\u00f6\u00e4 ja tietosuojak\u00e4yt\u00e4nt\u00f6\u00e4 koskeva ilmoitus (j\u00e4ljemp\u00e4n\u00e4 ilmoitus) sis\u00e4lt\u00e4\u00e4 hy\u00f6dyllist\u00e4 tietoa siit\u00e4, miten ja miksi yritys ker\u00e4\u00e4, k\u00e4sittelee ja luovuttaa henkil\u00f6tietoja (tietoja). Tietosuojak\u00e4yt\u00e4nt\u00f6 perustuu yleiseen tietosuoja-asetukseen (GDPR \u2013 General Data Protection Regulation). Tietosuojak\u00e4yt\u00e4nn\u00f6n tarkoituksena on suojella asiakkaiden yksityisyytt\u00e4 Viron tasavallan lakien ja Euroopan unionin lains\u00e4\u00e4d\u00e4nn\u00f6n mukaisesti. Henkil\u00f6tiedot ovat mit\u00e4 [&hellip;]\" \/>\n<meta property=\"og:url\" content=\"http:\/\/uus.troostkirurgia.ee\/fi\/tietosuojaehdot\/\" \/>\n<meta property=\"og:site_name\" content=\"Ilukirurgia - Rasvaimu - Waterjet\" \/>\n<meta name=\"twitter:card\" content=\"summary_large_image\" \/>\n<meta name=\"twitter:label1\" content=\"Arvioitu lukuaika\" \/>\n\t<meta name=\"twitter:data1\" content=\"9 minuuttia\" \/>\n<script type=\"application\/ld+json\" class=\"yoast-schema-graph\">{\"@context\":\"https:\/\/schema.org\",\"@graph\":[{\"@type\":\"WebPage\",\"@id\":\"http:\/\/uus.troostkirurgia.ee\/fi\/tietosuojaehdot\/\",\"url\":\"http:\/\/uus.troostkirurgia.ee\/fi\/tietosuojaehdot\/\",\"name\":\"Tietosuojaehdot - Ilukirurgia - Rasvaimu - Waterjet\",\"isPartOf\":{\"@id\":\"http:\/\/uus.troostkirurgia.ee\/fi\/#website\"},\"datePublished\":\"2023-09-20T09:23:06+00:00\",\"dateModified\":\"2023-09-20T09:23:06+00:00\",\"breadcrumb\":{\"@id\":\"http:\/\/uus.troostkirurgia.ee\/fi\/tietosuojaehdot\/#breadcrumb\"},\"inLanguage\":\"fi\",\"potentialAction\":[{\"@type\":\"ReadAction\",\"target\":[\"http:\/\/uus.troostkirurgia.ee\/fi\/tietosuojaehdot\/\"]}]},{\"@type\":\"BreadcrumbList\",\"@id\":\"http:\/\/uus.troostkirurgia.ee\/fi\/tietosuojaehdot\/#breadcrumb\",\"itemListElement\":[{\"@type\":\"ListItem\",\"position\":1,\"name\":\"Home\",\"item\":\"http:\/\/uus.troostkirurgia.ee\/fi\/\"},{\"@type\":\"ListItem\",\"position\":2,\"name\":\"Tietosuojaehdot\"}]},{\"@type\":\"WebSite\",\"@id\":\"http:\/\/uus.troostkirurgia.ee\/fi\/#website\",\"url\":\"http:\/\/uus.troostkirurgia.ee\/fi\/\",\"name\":\"Ilukirurgia - Rasvaimu - Waterjet\",\"description\":\"\",\"potentialAction\":[{\"@type\":\"SearchAction\",\"target\":{\"@type\":\"EntryPoint\",\"urlTemplate\":\"http:\/\/uus.troostkirurgia.ee\/fi\/?s={search_term_string}\"},\"query-input\":\"required name=search_term_string\"}],\"inLanguage\":\"fi\"}]}<\/script>\n<!-- \/ Yoast SEO plugin. -->","yoast_head_json":{"title":"Tietosuojaehdot - Ilukirurgia - Rasvaimu - Waterjet","robots":{"index":"index","follow":"follow","max-snippet":"max-snippet:-1","max-image-preview":"max-image-preview:large","max-video-preview":"max-video-preview:-1"},"canonical":"http:\/\/uus.troostkirurgia.ee\/fi\/tietosuojaehdot\/","og_locale":"fi_FI","og_type":"article","og_title":"Tietosuojaehdot - Ilukirurgia - Rasvaimu - Waterjet","og_description":"Ilmoitus ev\u00e4steiden k\u00e4yt\u00f6st\u00e4 ja tietosuojak\u00e4yt\u00e4nn\u00f6st\u00e4 T\u00e4m\u00e4 ev\u00e4steiden k\u00e4ytt\u00f6\u00e4 ja tietosuojak\u00e4yt\u00e4nt\u00f6\u00e4 koskeva ilmoitus (j\u00e4ljemp\u00e4n\u00e4 ilmoitus) sis\u00e4lt\u00e4\u00e4 hy\u00f6dyllist\u00e4 tietoa siit\u00e4, miten ja miksi yritys ker\u00e4\u00e4, k\u00e4sittelee ja luovuttaa henkil\u00f6tietoja (tietoja). Tietosuojak\u00e4yt\u00e4nt\u00f6 perustuu yleiseen tietosuoja-asetukseen (GDPR \u2013 General Data Protection Regulation). Tietosuojak\u00e4yt\u00e4nn\u00f6n tarkoituksena on suojella asiakkaiden yksityisyytt\u00e4 Viron tasavallan lakien ja Euroopan unionin lains\u00e4\u00e4d\u00e4nn\u00f6n mukaisesti. Henkil\u00f6tiedot ovat mit\u00e4 [&hellip;]","og_url":"http:\/\/uus.troostkirurgia.ee\/fi\/tietosuojaehdot\/","og_site_name":"Ilukirurgia - Rasvaimu - Waterjet","twitter_card":"summary_large_image","twitter_misc":{"Arvioitu lukuaika":"9 minuuttia"},"schema":{"@context":"https:\/\/schema.org","@graph":[{"@type":"WebPage","@id":"http:\/\/uus.troostkirurgia.ee\/fi\/tietosuojaehdot\/","url":"http:\/\/uus.troostkirurgia.ee\/fi\/tietosuojaehdot\/","name":"Tietosuojaehdot - Ilukirurgia - Rasvaimu - Waterjet","isPartOf":{"@id":"http:\/\/uus.troostkirurgia.ee\/fi\/#website"},"datePublished":"2023-09-20T09:23:06+00:00","dateModified":"2023-09-20T09:23:06+00:00","breadcrumb":{"@id":"http:\/\/uus.troostkirurgia.ee\/fi\/tietosuojaehdot\/#breadcrumb"},"inLanguage":"fi","potentialAction":[{"@type":"ReadAction","target":["http:\/\/uus.troostkirurgia.ee\/fi\/tietosuojaehdot\/"]}]},{"@type":"BreadcrumbList","@id":"http:\/\/uus.troostkirurgia.ee\/fi\/tietosuojaehdot\/#breadcrumb","itemListElement":[{"@type":"ListItem","position":1,"name":"Home","item":"http:\/\/uus.troostkirurgia.ee\/fi\/"},{"@type":"ListItem","position":2,"name":"Tietosuojaehdot"}]},{"@type":"WebSite","@id":"http:\/\/uus.troostkirurgia.ee\/fi\/#website","url":"http:\/\/uus.troostkirurgia.ee\/fi\/","name":"Ilukirurgia - Rasvaimu - Waterjet","description":"","potentialAction":[{"@type":"SearchAction","target":{"@type":"EntryPoint","urlTemplate":"http:\/\/uus.troostkirurgia.ee\/fi\/?s={search_term_string}"},"query-input":"required name=search_term_string"}],"inLanguage":"fi"}]}},"_links":{"self":[{"href":"http:\/\/uus.troostkirurgia.ee\/fi\/wp-json\/wp\/v2\/pages\/5692","targetHints":{"allow":["GET"]}}],"collection":[{"href":"http:\/\/uus.troostkirurgia.ee\/fi\/wp-json\/wp\/v2\/pages"}],"about":[{"href":"http:\/\/uus.troostkirurgia.ee\/fi\/wp-json\/wp\/v2\/types\/page"}],"author":[{"embeddable":true,"href":"http:\/\/uus.troostkirurgia.ee\/fi\/wp-json\/wp\/v2\/users\/1"}],"replies":[{"embeddable":true,"href":"http:\/\/uus.troostkirurgia.ee\/fi\/wp-json\/wp\/v2\/comments?post=5692"}],"version-history":[{"count":0,"href":"http:\/\/uus.troostkirurgia.ee\/fi\/wp-json\/wp\/v2\/pages\/5692\/revisions"}],"wp:attachment":[{"href":"http:\/\/uus.troostkirurgia.ee\/fi\/wp-json\/wp\/v2\/media?parent=5692"}],"curies":[{"name":"wp","href":"https:\/\/api.w.org\/{rel}","templated":true}]}}